{"id":1118,"date":"2022-11-22T17:31:55","date_gmt":"2022-11-22T20:31:55","guid":{"rendered":"https:\/\/iscl-for.infd.edu.ar\/sitio\/?page_id=1118"},"modified":"2022-11-22T17:56:13","modified_gmt":"2022-11-22T20:56:13","slug":"regimen-academico-marco","status":"publish","type":"page","link":"https:\/\/iscl-for.infd.edu.ar\/sitio\/regimen-academico-marco\/","title":{"rendered":"R\u00e9gimen Acad\u00e9mico Marco"},"content":{"rendered":"\n<p class=\"has-luminous-vivid-orange-color has-text-color\"><strong><a href=\"https:\/\/iscl-for.infd.edu.ar\/aula\/archivos\/repositorio\/\/2750\/2934\/RAM_1622_15.pdf\" data-type=\"URL\" data-id=\"https:\/\/iscl-for.infd.edu.ar\/aula\/archivos\/repositorio\/\/2750\/2934\/RAM_1622_15.pdf\" target=\"_blank\" rel=\"noreferrer noopener\">RAM para Institutos Superiores de Formaci\u00f3n Docente y T\u00e9cnica de gesti\u00f3n estatal y privada de la Provincia de Formosa.<\/a> <\/strong> <a href=\"https:\/\/iscl-for.infd.edu.ar\/aula\/archivos\/repositorio\/\/2750\/2934\/RAM_1622_15.pdf\" data-type=\"URL\" data-id=\"https:\/\/iscl-for.infd.edu.ar\/aula\/archivos\/repositorio\/\/2750\/2934\/RAM_1622_15.pdf\" target=\"_blank\" rel=\"noreferrer noopener\">&#x1f590;<\/a><\/p>\n","protected":false},"excerpt":{"rendered":"<p>RAM para Institutos Superiores de Formaci\u00f3n Docente y T\u00e9cnica de gesti\u00f3n estatal y privada de la Provincia de Formosa. &#x1f590;<\/p>\n","protected":false},"author":866,"featured_media":0,"parent":0,"menu_order":0,"comment_status":"closed","ping_status":"closed","template":"","meta":[],"acf":[],"_links":{"self":[{"href":"https:\/\/iscl-for.infd.edu.ar\/sitio\/wp-json\/wp\/v2\/pages\/1118"}],"collection":[{"href":"https:\/\/iscl-for.infd.edu.ar\/sitio\/wp-json\/wp\/v2\/pages"}],"about":[{"href":"https:\/\/iscl-for.infd.edu.ar\/sitio\/wp-json\/wp\/v2\/types\/page"}],"author":[{"embeddable":true,"href":"https:\/\/iscl-for.infd.edu.ar\/sitio\/wp-json\/wp\/v2\/users\/866"}],"replies":[{"embeddable":true,"href":"https:\/\/iscl-for.infd.edu.ar\/sitio\/wp-json\/wp\/v2\/comments?post=1118"}],"version-history":[{"count":3,"href":"https:\/\/iscl-for.infd.edu.ar\/sitio\/wp-json\/wp\/v2\/pages\/1118\/revisions"}],"predecessor-version":[{"id":1123,"href":"https:\/\/iscl-for.infd.edu.ar\/sitio\/wp-json\/wp\/v2\/pages\/1118\/revisions\/1123"}],"wp:attachment":[{"href":"https:\/\/iscl-for.infd.edu.ar\/sitio\/wp-json\/wp\/v2\/media?parent=1118"}],"curies":[{"name":"wp","href":"https:\/\/api.w.org\/{rel}","templated":true}]}}