{"id":994,"date":"2020-06-06T14:24:51","date_gmt":"2020-06-06T17:24:51","guid":{"rendered":"https:\/\/iscl-for.infd.edu.ar\/sitio\/?page_id=994"},"modified":"2020-11-24T17:44:35","modified_gmt":"2020-11-24T20:44:35","slug":"cronograma","status":"publish","type":"page","link":"https:\/\/iscl-for.infd.edu.ar\/sitio\/mesas-finales\/cronograma\/","title":{"rendered":"Cronograma"},"content":{"rendered":"<ul>\n<li>\n<h3><a href=\"https:\/\/iscl-for.infd.edu.ar\/aula\/archivos\/repositorio\/\/2000\/2073\/EXAMENES_FINALES_DICIEMBRE_2020_2.pdf\">Ex\u00e1menes Diciembre 2020<\/a><\/h3>\n<\/li>\n<li>\n<h3><a href=\"https:\/\/iscl-for.infd.edu.ar\/aula\/archivos\/repositorio\/\/1750\/1861\/MESAS_CONFORMADAS_DEL_TURNO_OCTUBRE_2020.pdf\">Ex\u00e1menes Octubre 2020<\/a><\/h3>\n<\/li>\n<li>\n<h3><a href=\"https:\/\/iscl-for.infd.edu.ar\/aula\/archivos\/repositorio\/\/1500\/1537\/EXAMENES_FINALES__AGOSTO_2020_completo.pdf\">Ex\u00e1menes Agosto 2020<\/a><\/h3>\n<\/li>\n<li>\n<h3><a href=\"https:\/\/iscl-for.infd.edu.ar\/aula\/archivos\/repositorio\/\/1500\/1536\/Julio_Mesas_Conformadas_3_-_TURNO_JULIO_2020.pdf\">Ex\u00e1menes Julio 2020<\/a><\/h3>\n<\/li>\n<li>\n<h3><a href=\"https:\/\/iscl-for.infd.edu.ar\/sitio\/wp-content\/uploads\/2020\/06\/EXAMENES-FINALES-N-S-2020.pdf\">Ex\u00e1menes Mayo -Junio 2020 <\/a><\/h3>\n<\/li>\n<\/ul>\n","protected":false},"excerpt":{"rendered":"<p>Ex\u00e1menes Diciembre 2020 Ex\u00e1menes Octubre 2020 Ex\u00e1menes Agosto 2020 Ex\u00e1menes Julio 2020 Ex\u00e1menes Mayo -Junio 2020<\/p>\n","protected":false},"author":866,"featured_media":0,"parent":978,"menu_order":0,"comment_status":"closed","ping_status":"closed","template":"","meta":[],"acf":[],"_links":{"self":[{"href":"https:\/\/iscl-for.infd.edu.ar\/sitio\/wp-json\/wp\/v2\/pages\/994"}],"collection":[{"href":"https:\/\/iscl-for.infd.edu.ar\/sitio\/wp-json\/wp\/v2\/pages"}],"about":[{"href":"https:\/\/iscl-for.infd.edu.ar\/sitio\/wp-json\/wp\/v2\/types\/page"}],"author":[{"embeddable":true,"href":"https:\/\/iscl-for.infd.edu.ar\/sitio\/wp-json\/wp\/v2\/users\/866"}],"replies":[{"embeddable":true,"href":"https:\/\/iscl-for.infd.edu.ar\/sitio\/wp-json\/wp\/v2\/comments?post=994"}],"version-history":[{"count":14,"href":"https:\/\/iscl-for.infd.edu.ar\/sitio\/wp-json\/wp\/v2\/pages\/994\/revisions"}],"predecessor-version":[{"id":1088,"href":"https:\/\/iscl-for.infd.edu.ar\/sitio\/wp-json\/wp\/v2\/pages\/994\/revisions\/1088"}],"up":[{"embeddable":true,"href":"https:\/\/iscl-for.infd.edu.ar\/sitio\/wp-json\/wp\/v2\/pages\/978"}],"wp:attachment":[{"href":"https:\/\/iscl-for.infd.edu.ar\/sitio\/wp-json\/wp\/v2\/media?parent=994"}],"curies":[{"name":"wp","href":"https:\/\/api.w.org\/{rel}","templated":true}]}}